{"id":847,"date":"2015-09-07T17:05:37","date_gmt":"2015-09-07T15:05:37","guid":{"rendered":"http:\/\/tiazanoguera.com\/?page_id=847"},"modified":"2021-05-25T10:57:50","modified_gmt":"2021-05-25T08:57:50","slug":"tenda","status":"publish","type":"page","link":"http:\/\/tiazanoguera.com\/?page_id=847","title":{"rendered":"TENDA"},"content":{"rendered":"<p>tiartistillo@gmail.com \/ 670934997 \/ visites a l&#8217;estudi, bizum, enviaments per correu&#8230; Trobarem la manera.<\/p>\n<script>\n\tvar lightbox_transition = 'elastic';\n\tvar lightbox_speed = 800;\n\tvar lightbox_fadeOut = 300;\n\tvar lightbox_title = false;\n\tvar lightbox_scalePhotos = true;\n\tvar lightbox_scrolling = false;\n\tvar lightbox_opacity = 0.201;\n\tvar lightbox_open = false;\n\tvar lightbox_returnFocus = true;\n\tvar lightbox_trapFocus = true;\n\tvar lightbox_fastIframe = true;\n\tvar lightbox_preloading = true;\n\tvar lightbox_overlayClose = true;\n\tvar lightbox_escKey = false;\n\tvar lightbox_arrowKey = false;\n\tvar lightbox_loop = true;\n\tvar lightbox_closeButton = false;\n\tvar lightbox_previous = \"previous\";\n\tvar lightbox_next = \"next\";\n\tvar lightbox_close = \"close\";\n\tvar lightbox_html = false;\n\tvar lightbox_photo = false;\n\tvar lightbox_width = '';\n\tvar lightbox_height = '';\n\tvar lightbox_innerWidth = 'false';\n\tvar lightbox_innerHeight = 'false';\n\tvar lightbox_initialWidth = '300';\n\tvar lightbox_initialHeight = '100';\n        \n\tvar maxwidth=jQuery(window).width();\n        if(maxwidth>768){maxwidth=768;}\n        var lightbox_maxWidth = maxwidth;\n        var lightbox_maxHeight = 500;\n        \n\tvar lightbox_slideshow = false;\n\tvar lightbox_slideshowSpeed = 2500;\n\tvar lightbox_slideshowAuto = true;\n\tvar lightbox_slideshowStart = \"start slideshow\";\n\tvar lightbox_slideshowStop = \"stop slideshow\";\n\tvar lightbox_fixed = true;\n\t\t\tvar lightbox_top = false;\n\t\tvar lightbox_bottom = false;\n\t\tvar lightbox_left = false;\n\t\tvar lightbox_right = false;\n\t\t\n\tvar lightbox_reposition = false;\n\tvar lightbox_retinaImage = true;\n\tvar lightbox_retinaUrl = false;\n\tvar lightbox_retinaSuffix = \"@2x.$1\";\n\t\n\t\t\t\tjQuery(document).ready(function(){\n\t\t\t\tjQuery(\"#huge_it_gallery_content_2 a[href$='.jpg'], #huge_it_gallery_content_2 a[href$='.png'], #huge_it_gallery_content_2 a[href$='.gif']\").addClass('group1');\n\t\t\t\t\n\t\t\t\t\n\t\t\t\tjQuery(\".group1\").colorbox({rel:'group1'});\n\t\t\t\tjQuery(\".youtube\").colorbox({iframe:true, innerWidth:640, innerHeight:390});\n\t\t\t\tjQuery(\".vimeo\").colorbox({iframe:true, innerWidth:640, innerHeight:390});\n\t\t\t\tjQuery(\".iframe\").colorbox({iframe:true, width:\"80%\", height:\"80%\"});\n\t\t\t\tjQuery(\".inline\").colorbox({inline:true, width:\"50%\"});\n\t\t\t\tjQuery(\".callbacks\").colorbox({\n\t\t\t\t\tonOpen:function(){ alert('onOpen: colorbox is about to open'); },\n\t\t\t\t\tonLoad:function(){ alert('onLoad: colorbox has started to load the targeted content'); },\n\t\t\t\t\tonComplete:function(){ alert('onComplete: colorbox has displayed the loaded content'); },\n\t\t\t\t\tonCleanup:function(){ alert('onCleanup: colorbox has begun the close process'); },\n\t\t\t\t\tonClosed:function(){ alert('onClosed: colorbox has completely closed'); }\n\t\t\t\t});\n\n\t\t\t\tjQuery('.non-retina').colorbox({rel:'group5', transition:'none'})\n\t\t\t\tjQuery('.retina').colorbox({rel:'group5', transition:'none', retinaImage:true, retinaUrl:true});\n\t\t\t\t\n\n\t\t\t\tjQuery(\"#click\").click(function(){ \n\t\t\t\t\tjQuery('#click').css({\"background-color\":\"#f00\", \"color\":\"#fff\", \"cursor\":\"inherit\"}).text(\"Open this window again and this message will still be here.\");\n\t\t\t\t\treturn false;\n\t\t\t\t});\n\t\t\t});\n\t\t\n<\/script>\n\t<!--Huge IT gallery START-->\n\t<!-- GALLERY CONTENT POPUP -->\n\t\t<link href=\"http:\/\/tiazanoguera.com\/wp-content\/plugins\/gallery-images\/Front_end\/..\/style\/colorbox-1.css\" rel=\"stylesheet\" type=\"text\/css\" \/>\n\t<!--\t<link href=\"\" rel=\"stylesheet\" type=\"text\/css\" \/>\n\t<script src=\"\"><\/script>\n\t<script src=\"<?php\/\/ echo plugins_url('..\/js\/gallery-all.js', __FILE__);?>\"><\/script>\n\t<link rel=\"stylesheet\" href=\"http:\/\/tiazanoguera.com\/wp-content\/plugins\/gallery-images\/Front_end\/..\/style\/style2-os.css\" \/>\n\t<script src=\"<?php\/\/ echo plugins_url('..\/js\/jquery.hugeitmicro.min.js', __FILE__);?>\"><\/script>\n\t<link href=\"\" rel=\"stylesheet\" type=\"text\/css\" \/>-->\n\t\n\t\n\t\n\t\t\n\n\t\n<style type=\"text\/css\"> \n\n.element_2 {\n\twidth:275px;\n\tmargin:0px 0px 10px 0px;\n\tborder:0px solid #eeeeee;\n\tborder-radius:3px;\n\toutline:none;\n\toverflow:hidden;\n}\n\n.element_2 .image-block_2 {\n\tposition:relative;\n\twidth:275px;\n}\n\n.element_2 .image-block_2 a {display:block;}\n\n.element_2 .image-block_2 img {\n\twidth:275px !important;\n\theight:auto;\n\tdisplay:block;\n\tborder-radius: 0px !important;\n\tbox-shadow: 0 0px 0px rgba(0, 0, 0, 0) !important; \n}\n\n.element_2 .image-block_2 img:hover {\n\tcursor: -webkit-zoom-in; cursor: -moz-zoom-in;\n}\n\n.element_2 .image-block_2 .play-icon {\n\tposition:absolute;\n\ttop:0px;\n\tleft:0px;\n\twidth:100%;\n\theight:100%;\t\n\t\n}\n\n.element_2 .image-block_2  .play-icon.youtube-icon {background:url(http:\/\/tiazanoguera.com\/wp-content\/plugins\/gallery-images\/Front_end\/..\/images\/play.youtube.png) center center no-repeat;}\n\n.element_2 .image-block_2  .play-icon.vimeo-icon {background:url(http:\/\/tiazanoguera.com\/wp-content\/plugins\/gallery-images\/Front_end\/..\/images\/play.vimeo.png) center center no-repeat;}\n\n\n.element_2 .title-block_2 {\n\tposition:absolute;\n\t\n\tleft:0px;\n\twidth:100%;\n\tpadding-top:5px;\n\theight:30px;\n\tbottom:-35px;\n\tbackground: rgba(0,0,0,0.8)  !important;\n\t -webkit-transition: bottom 0.3s ease-out 0.1s;\n     -moz-transition: bottom 0.3s ease-out 0.1s;\n     -o-transition: bottom 0.3s ease-out 0.1s;\n     transition: bottom 0.3s ease-out 0.1s;\n}\n\n.element_2:hover .title-block_2 {bottom:0px;}\n\n.element_2 .title-block_2 a, .element_2 .title-block_2 a:link, .element_2 .title-block_2 a:visited {\n\tposition:relative;\n\tmargin:0px;\n\tpadding:0px 1% 0px 2%;\n\twidth:97%;\n\ttext-decoration:none;\n\ttext-overflow: ellipsis;\n\toverflow: hidden; \n\twhite-space:nowrap;\n\tz-index:20;\n\tfont-size: 16px;\n\tcolor:#0074A2;\n\tfont-weight:normal;\n}\n\n\n\n.element_2 .title-block_2 a:hover, .element_2 .title-block_2 a:focus, .element_2 .title-block_2 a:active {\n\tcolor:#2EA2CD;\n\ttext-decoration:none;\n}\n\n<\/style>\n<section id=\"huge_it_gallery_content_2\">\n  <div id=\"huge_it_gallery_container_2\" class=\"super-list variable-sizes clearfix\">\n  \t\t\t<div class=\"element_2\" tabindex=\"0\" data-symbol=\"Terragrafia I. 50x70cm.  700\u20ac\" data-category=\"alkaline-earth\">\n\t\t\t<div class=\"image-block_2\">\n\t\t\t\t\t\t\t\t\t\t\t\t\t\n\t\t\t\t\t\t\t\t\t\t\t\t\t\t\t\t\t\t\t\t\t<a href=\"http:\/\/tiazanoguera.com\/wp-content\/uploads\/2015\/02\/terragrafia-1.jpg\"><img decoding=\"async\" alt=\"Terragrafia I. 50x70cm.  700\u20ac\" id=\"wd-cl-img0\" src=\"http:\/\/tiazanoguera.com\/wp-content\/uploads\/2015\/02\/terragrafia-1.jpg\"  \/><\/a>\n\t\t\t\t\t\t\t\n\t\t\t\t\t\t\t<\/div>\n\t\t\t\t\t\t<div class=\"title-block_2\">\n\t\t\t\t<a href=\"\" target=\"_blank\">Terragrafia I. 50x70cm.  700\u20ac<\/a>\n\t\t\t<\/div>\n\t\t\t\t\t<\/div>\t\n\t\t\t\t<div class=\"element_2\" tabindex=\"0\" data-symbol=\"Rorshach. 50,5x70,5cm. 850\u20ac\" data-category=\"alkaline-earth\">\n\t\t\t<div class=\"image-block_2\">\n\t\t\t\t\t\t\t\t\t\t\t\t\t\n\t\t\t\t\t\t\t\t\t\t\t\t\t\t\t\t\t\t\t\t\t<a href=\"http:\/\/tiazanoguera.com\/wp-content\/uploads\/2015\/03\/La-ferida-del-rastre.jpg\"><img decoding=\"async\" alt=\"Rorshach. 50,5x70,5cm. 850\u20ac\" id=\"wd-cl-img1\" src=\"http:\/\/tiazanoguera.com\/wp-content\/uploads\/2015\/03\/La-ferida-del-rastre.jpg\"  \/><\/a>\n\t\t\t\t\t\t\t\n\t\t\t\t\t\t\t<\/div>\n\t\t\t\t\t\t<div class=\"title-block_2\">\n\t\t\t\t<a href=\"\" target=\"_blank\">Rorshach. 50,5x70,5cm. 850\u20ac<\/a>\n\t\t\t<\/div>\n\t\t\t\t\t<\/div>\t\n\t\t\t\t<div class=\"element_2\" tabindex=\"0\" data-symbol=\"Arreolit. 70x100cm. 800\u20ac\" data-category=\"alkaline-earth\">\n\t\t\t<div class=\"image-block_2\">\n\t\t\t\t\t\t\t\t\t\t\t\t\t\n\t\t\t\t\t\t\t\t\t\t\t\t\t\t\t\t\t\t\t\t\t<a href=\"http:\/\/tiazanoguera.com\/wp-content\/uploads\/2015\/02\/Arreolit.jpg\"><img decoding=\"async\" alt=\"Arreolit. 70x100cm. 800\u20ac\" id=\"wd-cl-img2\" src=\"http:\/\/tiazanoguera.com\/wp-content\/uploads\/2015\/02\/Arreolit.jpg\"  \/><\/a>\n\t\t\t\t\t\t\t\n\t\t\t\t\t\t\t<\/div>\n\t\t\t\t\t\t<div class=\"title-block_2\">\n\t\t\t\t<a href=\"\" target=\"_blank\">Arreolit. 70x100cm. 800\u20ac<\/a>\n\t\t\t<\/div>\n\t\t\t\t\t<\/div>\t\n\t\t\t\t<div class=\"element_2\" tabindex=\"0\" data-symbol=\"Assaig... Talla. 25x15x15cm. 1700\u20ac\" data-category=\"alkaline-earth\">\n\t\t\t<div class=\"image-block_2\">\n\t\t\t\t\t\t\t\t\t\t\t\t\t\n\t\t\t\t\t\t\t\t\t\t\t\t\t\t\t\t\t\t\t\t\t<a href=\"http:\/\/tiazanoguera.com\/wp-content\/uploads\/2012\/12\/talla-discurs-de-la-ceguera.jpg\"><img decoding=\"async\" alt=\"Assaig... Talla. 25x15x15cm. 1700\u20ac\" id=\"wd-cl-img3\" src=\"http:\/\/tiazanoguera.com\/wp-content\/uploads\/2012\/12\/talla-discurs-de-la-ceguera.jpg\"  \/><\/a>\n\t\t\t\t\t\t\t\n\t\t\t\t\t\t\t<\/div>\n\t\t\t\t\t\t<div class=\"title-block_2\">\n\t\t\t\t<a href=\"\" target=\"_blank\">Assaig... Talla. 25x15x15cm. 1700\u20ac<\/a>\n\t\t\t<\/div>\n\t\t\t\t\t<\/div>\t\n\t\t\t\t<div class=\"element_2\" tabindex=\"0\" data-symbol=\"Pits, pits, pits. 97x130cm. 1070\u20ac\" data-category=\"alkaline-earth\">\n\t\t\t<div class=\"image-block_2\">\n\t\t\t\t\t\t\t\t\t\t\t\t\t\n\t\t\t\t\t\t\t\t\t\t\t\t\t\t\t\t\t\t\t\t\t<a href=\"http:\/\/tiazanoguera.com\/wp-content\/uploads\/2015\/02\/pits-pitspits.jpg\"><img decoding=\"async\" alt=\"Pits, pits, pits. 97x130cm. 1070\u20ac\" id=\"wd-cl-img4\" src=\"http:\/\/tiazanoguera.com\/wp-content\/uploads\/2015\/02\/pits-pitspits.jpg\"  \/><\/a>\n\t\t\t\t\t\t\t\n\t\t\t\t\t\t\t<\/div>\n\t\t\t\t\t\t<div class=\"title-block_2\">\n\t\t\t\t<a href=\"\" target=\"_blank\">Pits, pits, pits. 97x130cm. 1070\u20ac<\/a>\n\t\t\t<\/div>\n\t\t\t\t\t<\/div>\t\n\t\t\t\t<div class=\"element_2\" tabindex=\"0\" data-symbol=\"Rellotge de carn. 81x66cm. 700\u20ac\" data-category=\"alkaline-earth\">\n\t\t\t<div class=\"image-block_2\">\n\t\t\t\t\t\t\t\t\t\t\t\t\t\n\t\t\t\t\t\t\t\t\t\t\t\t\t\t\t\t\t\t\t\t\t<a href=\"http:\/\/tiazanoguera.com\/wp-content\/uploads\/2015\/02\/rellotge-de-carn.jpg\"><img decoding=\"async\" alt=\"Rellotge de carn. 81x66cm. 700\u20ac\" id=\"wd-cl-img5\" src=\"http:\/\/tiazanoguera.com\/wp-content\/uploads\/2015\/02\/rellotge-de-carn.jpg\"  \/><\/a>\n\t\t\t\t\t\t\t\n\t\t\t\t\t\t\t<\/div>\n\t\t\t\t\t\t<div class=\"title-block_2\">\n\t\t\t\t<a href=\"\" target=\"_blank\">Rellotge de carn. 81x66cm. 700\u20ac<\/a>\n\t\t\t<\/div>\n\t\t\t\t\t<\/div>\t\n\t\t\t<div style=\"clear:both;\"><\/div>\n  <\/div>\n<\/section>\n\n<script> \n jQuery(function(){\n\tvar defaultBlockWidth=275+20+550;\n    var $container = jQuery('#huge_it_gallery_container_2');\n    \n    \n      \/\/ add randomish size classes\n      $container.find('.element_2').each(function(){\n        var $this = jQuery(this),\n            number = parseInt( $this.find('.number').text(), 10 );\n\t\t\t\/\/alert(number);\n        if ( number % 7 % 2 === 1 ) {\n          $this.addClass('width2');\n        }\n        if ( number % 3 === 0 ) {\n          $this.addClass('height2');\n        }\n      });\n    \n$container.hugeitmicro({\n  itemSelector : '.element_2',\n  masonry : {\n\tcolumnWidth : 275+10+0  },\n  masonryHorizontal : {\n\trowHeight: 'auto'\n  },\n  cellsByRow : {\n\tcolumnWidth : 275,\n\trowHeight : 'auto'\n  },\n  cellsByColumn : {\n\tcolumnWidth : 275,\n\trowHeight : 'auto'\n  },\n  getSortData : {\n\tsymbol : function( $elem ) {\n\t  return $elem.attr('data-symbol');\n\t},\n\tcategory : function( $elem ) {\n\t  return $elem.attr('data-category');\n\t},\n\tnumber : function( $elem ) {\n\t  return parseInt( $elem.find('.number').text(), 10 );\n\t},\n\tweight : function( $elem ) {\n\t  return parseFloat( $elem.find('.weight').text().replace( \/[\\(\\)]\/g, '') );\n\t},\n\tname : function ( $elem ) {\n\t  return $elem.find('.name').text();\n\t}\n  }\n});\n    \n    \n      var $optionSets = jQuery('#huge_it_gallery_options .option-set'),\n          $optionLinks = $optionSets.find('a');\n\n      $optionLinks.click(function(){\n        var $this = jQuery(this);\n\n        if ( $this.hasClass('selected') ) {\n          return false;\n        }\n        var $optionSet = $this.parents('.option-set');\n        $optionSet.find('.selected').removeClass('selected');\n        $this.addClass('selected');\n  \n\n        var options = {},\n            key = $optionSet.attr('data-option-key'),\n            value = $this.attr('data-option-value');\n\n        value = value === 'false' ? false : value;\n        options[ key ] = value;\n        if ( key === 'layoutMode' && typeof changeLayoutMode === 'function' ) {\n\n          changeLayoutMode( $this, options )\n        } else {\n\n          $container.hugeitmicro( options );\n        }\n        \n        return false;\n      });\n\n      \n            \n    \n\n      var isHorizontal = false;\n      function changeLayoutMode( $link, options ) {\n        var wasHorizontal = isHorizontal;\n        isHorizontal = $link.hasClass('horizontal');\n\n        if ( wasHorizontal !== isHorizontal ) {\n\n          var style = isHorizontal ? \n            { height: '100%', width: $container.width() } : \n            { width: 'auto' };\n\n          $container.filter(':animated').stop();\n\n          $container.addClass('no-transition').css( style );\n          setTimeout(function(){\n            $container.removeClass('no-transition').hugeitmicro( options );\n          }, 100 )\n        } else {\n          $container.hugeitmicro( options );\n        }\n      }\n     \n    var $sortBy = jQuery('#sort-by');\n    jQuery('#shuffle a').click(function(){\n      $container.hugeitmicro('shuffle');\n      $sortBy.find('.selected').removeClass('selected');\n      $sortBy.find('[data-option-value=\"random\"]').addClass('selected');\n      return false;\n    });\n\n\t  jQuery(window).load(function(){\n\t\t$container.hugeitmicro('reLayout');\n\t  });\n  });\n  \n\n<\/script>\n      \n<p style=\"text-align: justify;\"><strong>PROJECTES<\/strong>:<\/p>\n<p style=\"text-align: justify;\">Malgrat ser pintor he treballat en diversos camps: c\u00f2mic, escenografia, audiovisuals, animaci\u00f3,\u00a0il\u00b7lustraci\u00f3, etc. Tamb\u00e9 he treballat en gesti\u00f3 cultural, s\u00f3c director de &#8220;<a href=\"http:\/\/festivalsotaterra.wordpress.com\/\">Sota Terra\u00a0<\/a>la Mostra d&#8217;Animaci\u00f3 Experimental de Mallorca&#8221;.\u00a0Estic obert a projectes art\u00edstics, d&#8217;il\u00b7lustraci\u00f3, o de gesti\u00f3 cultural. Tamb\u00e9 realitzo projectes multidisciplinars i audiovisuals en ocasions especials.<\/p>\n<p><strong>Contact: info@tiazanoguera.com<\/strong><\/p>\n\n\n\n","protected":false},"excerpt":{"rendered":"<p>tiartistillo@gmail.com \/ 670934997 \/ visites a l&#8217;estudi, bizum, enviaments per correu&#8230; Trobarem la manera. PROJECTES: Malgrat ser pintor he treballat en diversos camps: c\u00f2mic, escenografia, audiovisuals, animaci\u00f3,\u00a0il\u00b7lustraci\u00f3, etc. Tamb\u00e9 he treballat en gesti\u00f3 cultural, s\u00f3c director de &#8220;Sota Terra\u00a0la Mostra d&#8217;Animaci\u00f3 Experimental de Mallorca&#8221;.\u00a0Estic obert a projectes art\u00edstics, d&#8217;il\u00b7lustraci\u00f3, o de gesti\u00f3 cultural. Tamb\u00e9 realitzo [&hellip;]<\/p>\n","protected":false},"author":1,"featured_media":0,"parent":0,"menu_order":4,"comment_status":"closed","ping_status":"closed","template":"","meta":{"footnotes":""},"_links":{"self":[{"href":"http:\/\/tiazanoguera.com\/index.php?rest_route=\/wp\/v2\/pages\/847"}],"collection":[{"href":"http:\/\/tiazanoguera.com\/index.php?rest_route=\/wp\/v2\/pages"}],"about":[{"href":"http:\/\/tiazanoguera.com\/index.php?rest_route=\/wp\/v2\/types\/page"}],"author":[{"embeddable":true,"href":"http:\/\/tiazanoguera.com\/index.php?rest_route=\/wp\/v2\/users\/1"}],"replies":[{"embeddable":true,"href":"http:\/\/tiazanoguera.com\/index.php?rest_route=%2Fwp%2Fv2%2Fcomments&post=847"}],"version-history":[{"count":23,"href":"http:\/\/tiazanoguera.com\/index.php?rest_route=\/wp\/v2\/pages\/847\/revisions"}],"predecessor-version":[{"id":1452,"href":"http:\/\/tiazanoguera.com\/index.php?rest_route=\/wp\/v2\/pages\/847\/revisions\/1452"}],"wp:attachment":[{"href":"http:\/\/tiazanoguera.com\/index.php?rest_route=%2Fwp%2Fv2%2Fmedia&parent=847"}],"curies":[{"name":"wp","href":"https:\/\/api.w.org\/{rel}","templated":true}]}}