{"id":960,"date":"2015-09-21T10:59:40","date_gmt":"2015-09-21T08:59:40","guid":{"rendered":"http:\/\/tiazanoguera.com\/?page_id=960"},"modified":"2015-09-23T10:28:00","modified_gmt":"2015-09-23T08:28:00","slug":"multidisciplinar","status":"publish","type":"page","link":"http:\/\/tiazanoguera.com\/?page_id=960","title":{"rendered":"multidisciplinar"},"content":{"rendered":"<p><strong>La Cambra.<\/strong> Construcci\u00f3 ef\u00edmera amb fustes, teles i mantes, complementades amb un projecte audiovisual espec\u00edfic (l&#8217;animaci\u00f3 titulada &#8220;La Cambra&#8221;), objectes, pintures i dibuixos. Parla com sempre del cos, del temps, de la carn, per\u00f2 tamb\u00e9 de l&#8217;a fora i a dintre i de les cendres d&#8217;aquesta carn.<\/p>\n<p><iframe loading=\"lazy\" title=\"La Cambra - visita exterior\" src=\"https:\/\/player.vimeo.com\/video\/138296118?dnt=1&amp;app_id=122963\" width=\"625\" height=\"352\" frameborder=\"0\" allow=\"autoplay; fullscreen; picture-in-picture; clipboard-write\"><\/iframe><\/p>\n<p><strong>El gran Cos. <\/strong>Partint del dibuix de gran format &#8220;El gran Crist&#8221; (620 x 450 cm. Acr\u00edlic sobre lona) sorgeix aquesta pe\u00e7a audiovisual on les projeccions de diapositives van construint i deconstruint el &#8220;Cos&#8221;, mostrant, i fent desapar\u00e8ixer alhora, els seus \u00f2rgans i a la fi a ell mateix, en un cicle de vida, mort i refundaci\u00f3 del cos.<\/p>\n<p><a href=\"http:\/\/tiazanoguera.com\/wp-content\/uploads\/2015\/09\/El-gran-Cos.jpg\"><img loading=\"lazy\" decoding=\"async\" class=\"aligncenter size-full wp-image-956\" src=\"http:\/\/tiazanoguera.com\/wp-content\/uploads\/2015\/09\/El-gran-Cos.jpg\" alt=\"El gran Cos\" width=\"822\" height=\"547\" srcset=\"http:\/\/tiazanoguera.com\/wp-content\/uploads\/2015\/09\/El-gran-Cos.jpg 822w, http:\/\/tiazanoguera.com\/wp-content\/uploads\/2015\/09\/El-gran-Cos-300x199.jpg 300w, http:\/\/tiazanoguera.com\/wp-content\/uploads\/2015\/09\/El-gran-Cos-450x300.jpg 450w\" sizes=\"(max-width: 822px) 100vw, 822px\" \/><\/a><strong>Bla,bla,bla. <\/strong>La pintura &#8220;Bla,bla,bla&#8221; va ser concebuda per a convertir-se en animaci\u00f3 i com a tal va ser pintada, \u00e9s a dir, pensat en les conseq\u00fc\u00e8ncies que cada pinzellada tindria en la composici\u00f3 final de imatges que es capturaven durant el proc\u00e9s. De l&#8217;edici\u00f3 d&#8217;aquestes imatges sorg\u00ed l&#8217;animaci\u00f3 &#8220;Bla,bla,bla&#8221;, que usualment es mostra superposada, mitjan\u00e7ant una pantalla semi-transparent, a l&#8217;obra pict\u00f2rica d&#8217;on va n\u00e9ixer. No obstant, tamb\u00e9 s&#8217;han fet altres tipus de muntatge.<\/p>\n<p><a href=\"http:\/\/tiazanoguera.com\/wp-content\/uploads\/2015\/09\/Bla-bla-bla.jpg\"><img loading=\"lazy\" decoding=\"async\" class=\"aligncenter size-full wp-image-957\" src=\"http:\/\/tiazanoguera.com\/wp-content\/uploads\/2015\/09\/Bla-bla-bla.jpg\" alt=\"Bla, bla, bla\" width=\"567\" height=\"567\" srcset=\"http:\/\/tiazanoguera.com\/wp-content\/uploads\/2015\/09\/Bla-bla-bla.jpg 567w, http:\/\/tiazanoguera.com\/wp-content\/uploads\/2015\/09\/Bla-bla-bla-150x150.jpg 150w, http:\/\/tiazanoguera.com\/wp-content\/uploads\/2015\/09\/Bla-bla-bla-300x300.jpg 300w, http:\/\/tiazanoguera.com\/wp-content\/uploads\/2015\/09\/Bla-bla-bla-144x144.jpg 144w\" sizes=\"(max-width: 567px) 100vw, 567px\" \/><\/a><\/p>\n","protected":false},"excerpt":{"rendered":"<p>La Cambra. Construcci\u00f3 ef\u00edmera amb fustes, teles i mantes, complementades amb un projecte audiovisual espec\u00edfic (l&#8217;animaci\u00f3 titulada &#8220;La Cambra&#8221;), objectes, pintures i dibuixos. Parla com sempre del cos, del temps, de la carn, per\u00f2 tamb\u00e9 de l&#8217;a fora i a dintre i de les cendres d&#8217;aquesta carn. El gran Cos. Partint del dibuix de gran [&hellip;]<\/p>\n","protected":false},"author":1,"featured_media":0,"parent":0,"menu_order":0,"comment_status":"open","ping_status":"open","template":"","meta":{"footnotes":""},"_links":{"self":[{"href":"http:\/\/tiazanoguera.com\/index.php?rest_route=\/wp\/v2\/pages\/960"}],"collection":[{"href":"http:\/\/tiazanoguera.com\/index.php?rest_route=\/wp\/v2\/pages"}],"about":[{"href":"http:\/\/tiazanoguera.com\/index.php?rest_route=\/wp\/v2\/types\/page"}],"author":[{"embeddable":true,"href":"http:\/\/tiazanoguera.com\/index.php?rest_route=\/wp\/v2\/users\/1"}],"replies":[{"embeddable":true,"href":"http:\/\/tiazanoguera.com\/index.php?rest_route=%2Fwp%2Fv2%2Fcomments&post=960"}],"version-history":[{"count":7,"href":"http:\/\/tiazanoguera.com\/index.php?rest_route=\/wp\/v2\/pages\/960\/revisions"}],"predecessor-version":[{"id":997,"href":"http:\/\/tiazanoguera.com\/index.php?rest_route=\/wp\/v2\/pages\/960\/revisions\/997"}],"wp:attachment":[{"href":"http:\/\/tiazanoguera.com\/index.php?rest_route=%2Fwp%2Fv2%2Fmedia&parent=960"}],"curies":[{"name":"wp","href":"https:\/\/api.w.org\/{rel}","templated":true}]}}